{"id":9,"date":"2025-09-16T07:24:32","date_gmt":"2025-09-16T07:24:32","guid":{"rendered":"https:\/\/www.nettodevelopment.com\/gemeinde-eschlikon\/?page_id=9"},"modified":"2025-12-18T11:50:07","modified_gmt":"2025-12-18T11:50:07","slug":"home","status":"publish","type":"page","link":"https:\/\/bg-eschlikon.ch\/","title":{"rendered":"Home"},"content":{"rendered":"\t\t<div data-elementor-type=\"wp-page\" data-elementor-id=\"9\" class=\"elementor elementor-9\">\n\t\t\t\t<div class=\"elementor-element elementor-element-91636d5 e-con-full e-flex wpr-particle-no wpr-jarallax-no wpr-parallax-no wpr-sticky-section-no e-con e-parent\" data-id=\"91636d5\" data-element_type=\"container\">\n\t\t\t\t<div class=\"elementor-element elementor-element-bbce049 elementor-widget elementor-widget-html\" data-id=\"bbce049\" data-element_type=\"widget\" data-widget_type=\"html.default\">\n\t\t\t\t\t<style>\r\n.video-wrapper {\r\n  position: relative;\r\n  width: 100%;\r\n  max-width: 100%;\r\n  margin: 0 auto;\r\n  overflow: hidden; \/* keep controls inside *\/\r\n}\r\n\r\nvideo {\r\n  width: 100%;\r\n  display: block;\r\n}\r\n\r\n.controls {\r\n    position: absolute;\r\n    bottom: 13px;\r\n   left: 0;\r\n    right: 0;\r\n    margin: auto;\r\n        width: 30%;\r\n    background: rgba(255, 255, 255, 0.6);\r\n    display: flex;\r\n    align-items: center;\r\n    padding: 8px 12px;\r\n    color: #fff;\r\n    box-sizing: border-box;\r\n    height: 44px;\r\n    border-radius: 10px;\r\n}\r\n\r\nbutton {\r\n  background: none;\r\n  border: none;\r\n  font-size: 18px; \r\n  cursor: pointer;\r\n  margin-right: 10px;\r\n  color: #000;\r\n  outline: none;\r\n\/* Prevent emoji replacement *\/\r\n  font-family: Arial, Helvetica, sans-serif !important;\r\n  padding: 0px 4px 0px 14px;\r\n}\r\nbutton:hover {\r\n  color: #000 !important;\r\n}\r\nbutton:focus,\r\nbutton:hover {\r\n  outline: none;\r\n  background: none;\r\n  color: #000;       \r\n}\r\n\r\ninput[type=\"range\"] {\r\n  flex: 1;\r\n  margin: 0 10px;\r\n  background: #000;\r\n      border-radius: 99px;\r\n          height: 5px;\r\n}\r\n\r\ninput[type=\"range\"]::-webkit-slider-thumb {\r\n  background: #fff;   \/* Change to your desired color *\/\r\n  border: none;\r\n  width: 6px;\r\n}\r\n\r\ninput[type=\"range\"]::-moz-range-thumb {\r\n  background: #000;   \/* For Firefox *\/\r\n  border: none;\r\n}\r\n\r\ninput[type=\"range\"]::-ms-thumb {\r\n  background: #000;   \/* For IE\/Edge *\/\r\n  border: none;\r\n}\r\n\r\n.time {\r\n  font-size: 12px;\r\n  min-width: 30px;\r\n  text-align: right;\r\n  color: #000;\r\n}\r\n\r\n#speed {\r\n  appearance: none;       \r\n  -webkit-appearance: none;\r\n  -moz-appearance: none;\r\n\r\n  background: transparent; \r\n  color: #000;\r\n  font-size: 14px;\r\n  padding: 5px 10px;\r\n  border: none;\r\n  border-radius: 4px;\r\n  cursor: pointer;\r\n  width: 60px;\r\n  text-align: center;\r\n}\r\n\r\n#speed:focus {\r\n  outline: none;\r\n  border-color: #fff;\r\n}\r\n\r\n#speed::-ms-expand {\r\n  display: none;\r\n}\r\n<\/style>\r\n\r\n<div class=\"video-wrapper\">\r\n  <video id=\"myVideo\" autoplay loop muted  playsinline preload=\"metadata\">\r\n    <source src=\"https:\/\/bg-eschlikon.ch\/wp-content\/uploads\/2025\/09\/5c80200f-1996-4d70-b5d9-a96d54f52287-2.mp4\" type=\"video\/mp4\">\r\n    Your browser does not support HTML5 video.\r\n  <\/video>\r\n<\/div>\r\n\r\n<script>\r\nconst video = document.getElementById('myVideo');\r\nconst playBtn = document.getElementById('playBtn');\r\nconst progress = document.getElementById('progress');\r\nconst time = document.getElementById('time');\r\nconst speed = document.getElementById('speed');\r\n\r\n\r\nvideo.addEventListener('timeupdate', () => {\r\n  progress.value = (video.currentTime \/ video.duration) * 100;\r\n  let mins = Math.floor(video.currentTime \/ 60);\r\n  let secs = Math.floor(video.currentTime % 60);\r\n  if (secs < 10) secs = \"0\" + secs;\r\n  time.textContent = `${mins}:${secs}`;\r\n});\r\n\r\nprogress.addEventListener('input', () => {\r\n  video.currentTime = (progress.value \/ 100) * video.duration;\r\n});\r\n\r\nspeed.addEventListener('change', () => {\r\n  video.playbackRate = parseFloat(speed.value);\r\n});\r\n<\/script>\r\n\t\t\t\t<\/div>\n\t\t\t\t<div class=\"elementor-element elementor-element-6848b65 elementor-widget__width-initial elementor-absolute elementor-widget elementor-widget-image\" data-id=\"6848b65\" data-element_type=\"widget\" data-settings=\"{&quot;_position&quot;:&quot;absolute&quot;}\" data-widget_type=\"image.default\">\n\t\t\t\t\t\t\t\t\t\t\t\t\t\t\t\t<a href=\"https:\/\/bg-eschlikon.ch\/\">\n\t\t\t\t\t\t\t<img fetchpriority=\"high\" decoding=\"async\" width=\"826\" height=\"383\" src=\"https:\/\/bg-eschlikon.ch\/wp-content\/uploads\/2025\/09\/up_logo-1.png\" class=\"attachment-large size-large wp-image-61\" alt=\"\" srcset=\"https:\/\/bg-eschlikon.ch\/wp-content\/uploads\/2025\/09\/up_logo-1.png 826w, https:\/\/bg-eschlikon.ch\/wp-content\/uploads\/2025\/09\/up_logo-1-300x139.png 300w, https:\/\/bg-eschlikon.ch\/wp-content\/uploads\/2025\/09\/up_logo-1-768x356.png 768w\" sizes=\"(max-width: 826px) 100vw, 826px\" \/>\t\t\t\t\t\t\t\t<\/a>\n\t\t\t\t\t\t\t\t\t\t\t\t\t\t\t<\/div>\n\t\t\t\t<\/div>\n\t\t<div class=\"elementor-element elementor-element-cd167af e-con-full e-flex wpr-particle-no wpr-jarallax-no wpr-parallax-no wpr-sticky-section-no e-con e-parent\" data-id=\"cd167af\" data-element_type=\"container\" data-settings=\"{&quot;background_background&quot;:&quot;classic&quot;}\">\n\t\t\t\t<div class=\"elementor-element elementor-element-4286216 elementor-widget elementor-widget-heading\" data-id=\"4286216\" data-element_type=\"widget\" data-widget_type=\"heading.default\">\n\t\t\t\t\t<h2 class=\"elementor-heading-title elementor-size-default\">B\u00fcrgergemeinde<br>\nEschlikon<\/h2>\t\t\t\t<\/div>\n\t\t<div class=\"elementor-element elementor-element-158ae97 e-con-full e-flex wpr-particle-no wpr-jarallax-no wpr-parallax-no wpr-sticky-section-no e-con e-child\" data-id=\"158ae97\" data-element_type=\"container\" data-settings=\"{&quot;background_background&quot;:&quot;classic&quot;}\">\n\t\t<div class=\"elementor-element elementor-element-efea4c3 e-con-full e-flex wpr-particle-no wpr-jarallax-no wpr-parallax-no wpr-sticky-section-no e-con e-child\" data-id=\"efea4c3\" data-element_type=\"container\">\n\t\t\t\t<\/div>\n\t\t<div class=\"elementor-element elementor-element-a847681 e-con-full e-flex wpr-particle-no wpr-jarallax-no wpr-parallax-no wpr-sticky-section-no e-con e-child\" data-id=\"a847681\" data-element_type=\"container\" data-settings=\"{&quot;background_background&quot;:&quot;classic&quot;}\">\n\t\t\t\t<div class=\"elementor-element elementor-element-6f84933 elementor-widget elementor-widget-text-editor\" data-id=\"6f84933\" data-element_type=\"widget\" data-widget_type=\"text-editor.default\">\n\t\t\t\t\t\t\t\t\t<p>Seit der Fusion mit der B\u00fcrgergemeinde Wallenwil verbindet die B\u00fcrgergemeinde Eschlikon Tradition mit Verantwortung. \u00dcber Stiftungen und Projekte f\u00f6rdern wir Kultur, Geschichte, soziale Anliegen und Begegnungsr\u00e4ume und st\u00e4rken so die Lebensqualit\u00e4t in Eschlikon und Wallenwil. Wir bewahren Werte und investieren zugleich in die Zukunft unseres Dorfes<\/p>\t\t\t\t\t\t\t\t<\/div>\n\t\t\t\t<\/div>\n\t\t<div class=\"elementor-element elementor-element-ff3c2a0 e-con-full e-flex wpr-particle-no wpr-jarallax-no wpr-parallax-no wpr-sticky-section-no e-con e-child\" data-id=\"ff3c2a0\" data-element_type=\"container\">\n\t\t\t\t<\/div>\n\t\t\t\t<\/div>\n\t\t\t\t<\/div>\n\t\t<div class=\"elementor-element elementor-element-34a2fad e-con-full e-flex wpr-particle-no wpr-jarallax-no wpr-parallax-no wpr-sticky-section-no e-con e-parent\" data-id=\"34a2fad\" data-element_type=\"container\" data-settings=\"{&quot;background_background&quot;:&quot;classic&quot;}\">\n\t\t<div class=\"elementor-element elementor-element-0b181ee e-con-full e-flex wpr-particle-no wpr-jarallax-no wpr-parallax-no wpr-sticky-section-no e-con e-child\" data-id=\"0b181ee\" data-element_type=\"container\">\n\t\t<div class=\"elementor-element elementor-element-5afeca2 e-con-full e-flex wpr-particle-no wpr-jarallax-no wpr-parallax-no wpr-sticky-section-no e-con e-child\" data-id=\"5afeca2\" data-element_type=\"container\">\n\t\t\t\t<\/div>\n\t\t<div class=\"elementor-element elementor-element-a117b6e e-con-full e-flex wpr-particle-no wpr-jarallax-no wpr-parallax-no wpr-sticky-section-no e-con e-child\" data-id=\"a117b6e\" data-element_type=\"container\">\n\t\t\t\t<div class=\"elementor-element elementor-element-74c5696 elementor-widget elementor-widget-heading\" data-id=\"74c5696\" data-element_type=\"widget\" data-widget_type=\"heading.default\">\n\t\t\t\t\t<h2 class=\"elementor-heading-title elementor-size-default\">Kontakt<br>\nB\u00fcrgergemeinde<br>\nEschlikon<\/h2>\t\t\t\t<\/div>\n\t\t\t\t<\/div>\n\t\t<div class=\"elementor-element elementor-element-2a7a3f6 e-con-full e-flex wpr-particle-no wpr-jarallax-no wpr-parallax-no wpr-sticky-section-no e-con e-child\" data-id=\"2a7a3f6\" data-element_type=\"container\">\n\t\t\t\t<\/div>\n\t\t\t\t<\/div>\n\t\t<div class=\"elementor-element elementor-element-04eb56e e-con-full e-flex wpr-particle-no wpr-jarallax-no wpr-parallax-no wpr-sticky-section-no e-con e-child\" data-id=\"04eb56e\" data-element_type=\"container\">\n\t\t<div class=\"elementor-element elementor-element-e851fa8 e-con-full e-flex wpr-particle-no wpr-jarallax-no wpr-parallax-no wpr-sticky-section-no e-con e-child\" data-id=\"e851fa8\" data-element_type=\"container\">\n\t\t\t\t<\/div>\n\t\t<div class=\"elementor-element elementor-element-40d77a0 e-con-full e-flex wpr-particle-no wpr-jarallax-no wpr-parallax-no wpr-sticky-section-no e-con e-child\" data-id=\"40d77a0\" data-element_type=\"container\" data-settings=\"{&quot;background_background&quot;:&quot;classic&quot;}\">\n\t\t\t\t<div class=\"elementor-element elementor-element-0af5459 elementor-widget elementor-widget-text-editor\" data-id=\"0af5459\" data-element_type=\"widget\" data-widget_type=\"text-editor.default\">\n\t\t\t\t\t\t\t\t\t<p>B\u00fcrgergemeinde Eschlikon\u2028<br \/>Hurnenstrasse 21<br \/>8360 Wallenwil<\/p>\t\t\t\t\t\t\t\t<\/div>\n\t\t\t\t<\/div>\n\t\t<div class=\"elementor-element elementor-element-a957aca e-con-full e-flex wpr-particle-no wpr-jarallax-no wpr-parallax-no wpr-sticky-section-no e-con e-child\" data-id=\"a957aca\" data-element_type=\"container\" data-settings=\"{&quot;background_background&quot;:&quot;classic&quot;}\">\n\t\t\t\t<div class=\"elementor-element elementor-element-ea59673 elementor-position-left elementor-vertical-align-middle elementor-widget-mobile__width-inherit elementor-widget elementor-widget-image-box\" data-id=\"ea59673\" data-element_type=\"widget\" data-widget_type=\"image-box.default\">\n\t\t\t\t\t<div class=\"elementor-image-box-wrapper\"><figure class=\"elementor-image-box-img\"><img decoding=\"async\" width=\"72\" height=\"72\" src=\"https:\/\/bg-eschlikon.ch\/wp-content\/uploads\/2025\/09\/email.png\" class=\"attachment-full size-full wp-image-130\" alt=\"\" \/><\/figure><div class=\"elementor-image-box-content\"><p class=\"elementor-image-box-description\">verwaltung@bg-eschlikon.ch<\/p><\/div><\/div>\t\t\t\t<\/div>\n\t\t\t\t<div class=\"elementor-element elementor-element-6ec3ea2 elementor-position-left elementor-vertical-align-middle elementor-widget-mobile__width-inherit elementor-widget elementor-widget-image-box\" data-id=\"6ec3ea2\" data-element_type=\"widget\" data-widget_type=\"image-box.default\">\n\t\t\t\t\t<div class=\"elementor-image-box-wrapper\"><figure class=\"elementor-image-box-img\"><img decoding=\"async\" width=\"72\" height=\"72\" src=\"https:\/\/bg-eschlikon.ch\/wp-content\/uploads\/2025\/09\/www.png\" class=\"attachment-full size-full wp-image-129\" alt=\"\" \/><\/figure><div class=\"elementor-image-box-content\"><p class=\"elementor-image-box-description\">www.bg-eschlikon.ch<\/p><\/div><\/div>\t\t\t\t<\/div>\n\t\t\t\t<div class=\"elementor-element elementor-element-423cd5c elementor-widget elementor-widget-button\" data-id=\"423cd5c\" data-element_type=\"widget\" data-widget_type=\"button.default\">\n\t\t\t\t\t\t\t\t\t\t<a class=\"elementor-button elementor-button-link elementor-size-sm\" href=\"https:\/\/onedrive.live.com\/?redeem=aHR0cHM6Ly8xZHJ2Lm1zL2IvYy85MWIyMWQyYmM1M2JjMjRmL0VVWVJNaG4xaTN4RW5JQ3BxeW1yc2FnQm5yYVlIN1F6QTNsQkNLM2ZrcjBzeVE&#038;cid=91B21D2BC53BC24F&#038;id=91B21D2BC53BC24F%21s193211468bf5447c9c80a9ab29abb1a8&#038;parId=91B21D2BC53BC24F%21sb98bdf3ba9e0445e980f9eed2543d902&#038;o=OneUp\">\n\t\t\t\t\t\t<span class=\"elementor-button-content-wrapper\">\n\t\t\t\t\t\t\t\t\t<span class=\"elementor-button-text\">Archiv<\/span>\n\t\t\t\t\t<\/span>\n\t\t\t\t\t<\/a>\n\t\t\t\t\t\t\t\t<\/div>\n\t\t\t\t<\/div>\n\t\t\t\t<\/div>\n\t\t\t\t<\/div>\n\t\t\t\t<\/div>\n\t\t","protected":false},"excerpt":{"rendered":"<p>Your browser does not support HTML5 video. B\u00fcrgergemeinde Eschlikon Seit der Fusion mit der B\u00fcrgergemeinde Wallenwil verbindet die B\u00fcrgergemeinde Eschlikon Tradition mit Verantwortung. \u00dcber Stiftungen und Projekte f\u00f6rdern wir Kultur, Geschichte, soziale Anliegen und Begegnungsr\u00e4ume und st\u00e4rken so die Lebensqualit\u00e4t in Eschlikon und Wallenwil. Wir bewahren Werte und investieren zugleich in die Zukunft unseres Dorfes Kontakt B\u00fcrgergemeinde Eschlikon B\u00fcrgergemeinde Eschlikon\u2028Hurnenstrasse 218360 Wallenwil verwaltung@bg-eschlikon.ch www.bg-eschlikon.ch Archiv<\/p>\n","protected":false},"author":1,"featured_media":0,"parent":0,"menu_order":0,"comment_status":"closed","ping_status":"closed","template":"","meta":{"site-sidebar-layout":"no-sidebar","site-content-layout":"","ast-site-content-layout":"full-width-container","site-content-style":"default","site-sidebar-style":"default","ast-global-header-display":"","ast-banner-title-visibility":"","ast-main-header-display":"","ast-hfb-above-header-display":"","ast-hfb-below-header-display":"","ast-hfb-mobile-header-display":"","site-post-title":"disabled","ast-breadcrumbs-content":"","ast-featured-img":"disabled","footer-sml-layout":"","ast-disable-related-posts":"","theme-transparent-header-meta":"","adv-header-id-meta":"","stick-header-meta":"","header-above-stick-meta":"","header-main-stick-meta":"","header-below-stick-meta":"","astra-migrate-meta-layouts":"default","ast-page-background-enabled":"default","ast-page-background-meta":{"desktop":{"background-color":"var(--ast-global-color-5)","background-image":"","background-repeat":"repeat","background-position":"center center","background-size":"auto","background-attachment":"scroll","background-type":"","background-media":"","overlay-type":"","overlay-color":"","overlay-opacity":"","overlay-gradient":""},"tablet":{"background-color":"","background-image":"","background-repeat":"repeat","background-position":"center center","background-size":"auto","background-attachment":"scroll","background-type":"","background-media":"","overlay-type":"","overlay-color":"","overlay-opacity":"","overlay-gradient":""},"mobile":{"background-color":"","background-image":"","background-repeat":"repeat","background-position":"center center","background-size":"auto","background-attachment":"scroll","background-type":"","background-media":"","overlay-type":"","overlay-color":"","overlay-opacity":"","overlay-gradient":""}},"ast-content-background-meta":{"desktop":{"background-color":"var(--ast-global-color-4)","background-image":"","background-repeat":"repeat","background-position":"center center","background-size":"auto","background-attachment":"scroll","background-type":"","background-media":"","overlay-type":"","overlay-color":"","overlay-opacity":"","overlay-gradient":""},"tablet":{"background-color":"var(--ast-global-color-4)","background-image":"","background-repeat":"repeat","background-position":"center center","background-size":"auto","background-attachment":"scroll","background-type":"","background-media":"","overlay-type":"","overlay-color":"","overlay-opacity":"","overlay-gradient":""},"mobile":{"background-color":"var(--ast-global-color-4)","background-image":"","background-repeat":"repeat","background-position":"center center","background-size":"auto","background-attachment":"scroll","background-type":"","background-media":"","overlay-type":"","overlay-color":"","overlay-opacity":"","overlay-gradient":""}},"footnotes":""},"class_list":["post-9","page","type-page","status-publish","hentry"],"_links":{"self":[{"href":"https:\/\/bg-eschlikon.ch\/index.php\/wp-json\/wp\/v2\/pages\/9","targetHints":{"allow":["GET"]}}],"collection":[{"href":"https:\/\/bg-eschlikon.ch\/index.php\/wp-json\/wp\/v2\/pages"}],"about":[{"href":"https:\/\/bg-eschlikon.ch\/index.php\/wp-json\/wp\/v2\/types\/page"}],"author":[{"embeddable":true,"href":"https:\/\/bg-eschlikon.ch\/index.php\/wp-json\/wp\/v2\/users\/1"}],"replies":[{"embeddable":true,"href":"https:\/\/bg-eschlikon.ch\/index.php\/wp-json\/wp\/v2\/comments?post=9"}],"version-history":[{"count":472,"href":"https:\/\/bg-eschlikon.ch\/index.php\/wp-json\/wp\/v2\/pages\/9\/revisions"}],"predecessor-version":[{"id":559,"href":"https:\/\/bg-eschlikon.ch\/index.php\/wp-json\/wp\/v2\/pages\/9\/revisions\/559"}],"wp:attachment":[{"href":"https:\/\/bg-eschlikon.ch\/index.php\/wp-json\/wp\/v2\/media?parent=9"}],"curies":[{"name":"wp","href":"https:\/\/api.w.org\/{rel}","templated":true}]}}